{"id":182,"date":"2015-02-16T20:37:35","date_gmt":"2015-02-16T18:37:35","guid":{"rendered":"http:\/\/chorvereinkisdorf.webterrain.de\/wopr\/?page_id=182"},"modified":"2025-11-17T16:52:38","modified_gmt":"2025-11-17T14:52:38","slug":"der-chor-3","status":"publish","type":"page","link":"https:\/\/chorvereinkisdorf.de\/wopr\/?page_id=182","title":{"rendered":"Der Chor"},"content":{"rendered":"\n<p><strong>In Kisdorf wird seit langem gesungen \u2026\u2026\u2026..,<\/strong><\/p>\n\n\n<div class=\"wp-block-image\">\n<figure class=\"alignright size-large is-resized\"><a href=\"https:\/\/chorvereinkisdorf.de\/wopr\/wp-content\/uploads\/2020\/04\/Zelter-Plakette-Vorne.jpg\"><img loading=\"lazy\" decoding=\"async\" width=\"931\" height=\"1024\" src=\"https:\/\/chorvereinkisdorf.de\/wopr\/wp-content\/uploads\/2020\/04\/Zelter-Plakette-Vorne-931x1024.jpg\" alt=\"\" class=\"wp-image-1520\" style=\"width:278px;height:306px\" srcset=\"https:\/\/chorvereinkisdorf.de\/wopr\/wp-content\/uploads\/2020\/04\/Zelter-Plakette-Vorne-931x1024.jpg 931w, https:\/\/chorvereinkisdorf.de\/wopr\/wp-content\/uploads\/2020\/04\/Zelter-Plakette-Vorne-273x300.jpg 273w, https:\/\/chorvereinkisdorf.de\/wopr\/wp-content\/uploads\/2020\/04\/Zelter-Plakette-Vorne-768x845.jpg 768w, https:\/\/chorvereinkisdorf.de\/wopr\/wp-content\/uploads\/2020\/04\/Zelter-Plakette-Vorne-1396x1536.jpg 1396w, https:\/\/chorvereinkisdorf.de\/wopr\/wp-content\/uploads\/2020\/04\/Zelter-Plakette-Vorne-1862x2048.jpg 1862w, https:\/\/chorvereinkisdorf.de\/wopr\/wp-content\/uploads\/2020\/04\/Zelter-Plakette-Vorne-750x825.jpg 750w, https:\/\/chorvereinkisdorf.de\/wopr\/wp-content\/uploads\/2020\/04\/Zelter-Plakette-Vorne-400x440.jpg 400w, https:\/\/chorvereinkisdorf.de\/wopr\/wp-content\/uploads\/2020\/04\/Zelter-Plakette-Vorne-430x473.jpg 430w, https:\/\/chorvereinkisdorf.de\/wopr\/wp-content\/uploads\/2020\/04\/Zelter-Plakette-Vorne-150x165.jpg 150w, https:\/\/chorvereinkisdorf.de\/wopr\/wp-content\/uploads\/2020\/04\/Zelter-Plakette-Vorne-100x110.jpg 100w, https:\/\/chorvereinkisdorf.de\/wopr\/wp-content\/uploads\/2020\/04\/Zelter-Plakette-Vorne.jpg 2000w\" sizes=\"auto, (max-width: 931px) 100vw, 931px\" \/><\/a><\/figure><\/div>\n\n\n<p>genau gesagt seit 1919; denn da wurde der Chor-Verein Kisdorf ins Leben gerufen. Der gemischte Chor kann demnach auf eine \u00fcber 100-j\u00e4hrige Geschichte zur\u00fcckblicken. Der Chor-Verein Kisdorf wurde deshalb auch zu seinem hundertsten Geburtstag vom Bundespr\u00e4sidenten mit der Verleihung der Zelter-Plakette geehrt.<\/p>\n\n\n\n<p>Seit seiner Gr\u00fcndung hat der Chor immer wieder H\u00f6hen und Tiefen erlebt. Eine besondere Tiefe, die durchschritten werden musste, war in den letzten Jahren die Corona-Pandemie. Seit M\u00e4rz 2020 z\u00e4hlte das Singen im Chor ganz pl\u00f6tzlich zum gef\u00e4hrlichsten Hobby der Welt. Chorproben konnten nach zwei vollst\u00e4ndigen Lockdowns nur unter Einhaltung gesetzlich vorgeschriebener Schutzma\u00dfnahmen durchgef\u00fchrt werden. An \u00f6ffentliche Auftritte in geschlossenen R\u00e4umen war in der Hochzeit der<br>Pandemie gar nicht, oder nur unter Einhaltung hoher Hygienestandards zu denken. Erst ab M\u00e4rz 2022 konnten Chorproben dann wieder unter einigerma\u00dfen normalen Bedingungen stattfinden.<\/p>\n\n\n\n<p>All diese Einschr\u00e4nkungen sind auch am Chor-Verein Kisdorf nicht spurlos vor\u00fcber gegangen. Wie bei anderen Ch\u00f6ren auch, haben viele Chormitglieder den Verein w\u00e4hrend der vergangenen drei Jahre verlassen. Aktuell z\u00e4hlt der Chor aber immer noch <strong>25<\/strong> hoch motivierte <strong>S\u00e4ngerinnen und S\u00e4nger<\/strong> und arbeitet mit einer nach wie vor ausgewogenen Besetzung in den Stimmlagen, SOPRAN, ALT, TENOR und BASS unter Anleitung von Chorleiter Olaf Generotzky an neuen Gesangsst\u00fccken zur Erweiterung des vorhandenen Repertoires. Die traditionellen Auftritte (Konfirmation, Volkstrauertag) und Konzerte (Herbst- und Adventskonzert) in der Gemeinde Kisdorf wird es in diesem Jahr wieder geben. Auch eine Chorfreizeit zur St\u00e4rkung der Chorgemeinschaft und mit intensiven Chorproben geh\u00f6rt wieder in den j\u00e4hrlichen Terminkalender des Chores.<\/p>\n\n\n\n<p>Sangesfreudige Menschen aller Altersgruppen sind uns als neue Chormitglieder jederzeit herzlich willkommen. Interessierte k\u00f6nnen sich gern bei unserer w\u00f6chentlichen Chorprobe einmal unverbindlich umsehen und umh\u00f6ren. Notenkenntnisse, bzw. Chorerfahrung w\u00e4ren von Vorteil, sind aber nicht Bedingung.<\/p>\n\n\n\n<p><strong>Wichtig ist uns die Freude am gemeinsamen Singen in einer intakten Chorgemeinschaft.<\/strong><\/p>\n\n\n\n<p>Wir proben immer dienstags von 19:45 bis 21:45 Uhr im Margarethenhoff, Sengel 1 in Kisdorf.<\/p>\n\n\n\n<p><strong>Singen Sie immer noch allein? Warum nicht mit uns im Chor?<\/strong><\/p>\n\n\n\n<p><strong>Wir freuen uns auf Sie!<\/strong><\/p>\n","protected":false},"excerpt":{"rendered":"<p>In Kisdorf wird seit langem gesungen \u2026\u2026\u2026.., genau gesagt seit 1919; denn da wurde der Chor-Verein Kisdorf ins Leben gerufen. Der gemischte Chor kann demnach auf eine \u00fcber 100-j\u00e4hrige Geschichte [&hellip;]<\/p>\n","protected":false},"author":1,"featured_media":0,"parent":0,"menu_order":-1,"comment_status":"closed","ping_status":"closed","template":"","meta":{"_acf_changed":false,"footnotes":""},"class_list":["post-182","page","type-page","status-publish","hentry"],"acf":[],"_links":{"self":[{"href":"https:\/\/chorvereinkisdorf.de\/wopr\/index.php?rest_route=\/wp\/v2\/pages\/182","targetHints":{"allow":["GET"]}}],"collection":[{"href":"https:\/\/chorvereinkisdorf.de\/wopr\/index.php?rest_route=\/wp\/v2\/pages"}],"about":[{"href":"https:\/\/chorvereinkisdorf.de\/wopr\/index.php?rest_route=\/wp\/v2\/types\/page"}],"author":[{"embeddable":true,"href":"https:\/\/chorvereinkisdorf.de\/wopr\/index.php?rest_route=\/wp\/v2\/users\/1"}],"replies":[{"embeddable":true,"href":"https:\/\/chorvereinkisdorf.de\/wopr\/index.php?rest_route=%2Fwp%2Fv2%2Fcomments&post=182"}],"version-history":[{"count":31,"href":"https:\/\/chorvereinkisdorf.de\/wopr\/index.php?rest_route=\/wp\/v2\/pages\/182\/revisions"}],"predecessor-version":[{"id":1902,"href":"https:\/\/chorvereinkisdorf.de\/wopr\/index.php?rest_route=\/wp\/v2\/pages\/182\/revisions\/1902"}],"wp:attachment":[{"href":"https:\/\/chorvereinkisdorf.de\/wopr\/index.php?rest_route=%2Fwp%2Fv2%2Fmedia&parent=182"}],"curies":[{"name":"wp","href":"https:\/\/api.w.org\/{rel}","templated":true}]}}